{"id":36,"date":"2020-05-11T15:17:56","date_gmt":"2020-05-11T15:17:56","guid":{"rendered":"http:\/\/footballdna.de\/?page_id=36"},"modified":"2020-11-14T23:38:04","modified_gmt":"2020-11-14T23:38:04","slug":"ueber-mich","status":"publish","type":"page","link":"https:\/\/footballdna.de\/?page_id=36","title":{"rendered":"\u00dcber Mich"},"content":{"rendered":"\n<p class=\"wp-block-paragraph\">Liebe Leser,<\/p>\n\n\n\n<p class=\"wp-block-paragraph\">Ich bin Felix und NFL Fan seit dem Superbowl 50. Seitdem hat mich dieser Sport nie mehr losgelassen und ist der Grund warum dieser Blog existiert.<\/p>\n\n\n\n<p class=\"wp-block-paragraph\">Alles begann mit dem letzten Spiel vom legend\u00e4ren Peyton Manning. F\u00fcr ihn ein Abschied, f\u00fcr mich ein Anfang. In der Liga halte ich zu den Arizona Cardinals. Besonders Larry Fitzgerald hat ma\u00dfgeblichen Anteil daran.<\/p>\n\n\n\n<p class=\"wp-block-paragraph\">Besonders fasziniert hat mich die Bodenst\u00e4ndigkeit von Larry Fitzgerald. Ein Spitzensportler ohne Star-All\u00fcren und mit vollem Einsatz f\u00fcr soziale Projekte. Aber auch auf dem Feld absolute Weltklasse.<\/p>\n\n\n\n<p class=\"wp-block-paragraph\">Auf diesem Blog soll es allerdings nicht nur um die amerikanische Profiliga gehen. Auch dem Football in Europa, insbesondere in Deutschland soll mit diesem Blog eine B\u00fchne gegeben werden. Aber auch College Football soll thematisch auf diesem Blog nicht zu kurz kommen.<\/p>\n\n\n\n<p class=\"wp-block-paragraph\">Was euch auf diesem Blog als n\u00e4chstes erwartet? Lasst euch \u00fcberraschen\u2026<\/p>\n","protected":false},"excerpt":{"rendered":"<p>Liebe Leser, Ich bin Felix und NFL Fan seit dem Superbowl 50. Seitdem hat mich dieser Sport nie mehr losgelassen und ist der Grund warum dieser Blog existiert. Alles begann mit dem letzten Spiel vom legend\u00e4ren Peyton Manning. F\u00fcr ihn ein Abschied, f\u00fcr mich ein Anfang. In der Liga halte ich zu den Arizona Cardinals. [&hellip;]<\/p>\n","protected":false},"author":1,"featured_media":0,"parent":0,"menu_order":0,"comment_status":"closed","ping_status":"closed","template":"","meta":{"_coblocks_attr":"","_coblocks_dimensions":"","_coblocks_responsive_height":"","_coblocks_accordion_ie_support":"","_crdt_document":"","footnotes":""},"class_list":["post-36","page","type-page","status-publish","hentry"],"yoast_head":"<!-- This site is optimized with the Yoast SEO plugin v27.4 - https:\/\/yoast.com\/product\/yoast-seo-wordpress\/ -->\n<title>\u00dcber Mich -<\/title>\n<meta name=\"robots\" content=\"index, follow, max-snippet:-1, max-image-preview:large, max-video-preview:-1\" \/>\n<link rel=\"canonical\" href=\"https:\/\/footballdna.de\/\" \/>\n<meta property=\"og:locale\" content=\"de_DE\" \/>\n<meta property=\"og:type\" content=\"article\" \/>\n<meta property=\"og:title\" content=\"\u00dcber Mich -\" \/>\n<meta property=\"og:description\" content=\"Liebe Leser, Ich bin Felix und NFL Fan seit dem Superbowl 50. Seitdem hat mich dieser Sport nie mehr losgelassen und ist der Grund warum dieser Blog existiert. Alles begann mit dem letzten Spiel vom legend\u00e4ren Peyton Manning. F\u00fcr ihn ein Abschied, f\u00fcr mich ein Anfang. In der Liga halte ich zu den Arizona Cardinals. [&hellip;]\" \/>\n<meta property=\"og:url\" content=\"https:\/\/footballdna.de\/\" \/>\n<meta property=\"article:modified_time\" content=\"2020-11-14T23:38:04+00:00\" \/>\n<meta name=\"twitter:card\" content=\"summary_large_image\" \/>\n<meta name=\"twitter:label1\" content=\"Gesch\u00e4tzte Lesezeit\" \/>\n\t<meta name=\"twitter:data1\" content=\"1\u00a0Minute\" \/>\n<script type=\"application\/ld+json\" class=\"yoast-schema-graph\">{\"@context\":\"https:\\\/\\\/schema.org\",\"@graph\":[{\"@type\":\"WebPage\",\"@id\":\"https:\\\/\\\/footballdna.de\\\/\",\"url\":\"https:\\\/\\\/footballdna.de\\\/\",\"name\":\"\u00dcber Mich -\",\"isPartOf\":{\"@id\":\"https:\\\/\\\/footballdna.de\\\/#website\"},\"datePublished\":\"2020-05-11T15:17:56+00:00\",\"dateModified\":\"2020-11-14T23:38:04+00:00\",\"breadcrumb\":{\"@id\":\"https:\\\/\\\/footballdna.de\\\/#breadcrumb\"},\"inLanguage\":\"de\",\"potentialAction\":[{\"@type\":\"ReadAction\",\"target\":[\"https:\\\/\\\/footballdna.de\\\/\"]}]},{\"@type\":\"BreadcrumbList\",\"@id\":\"https:\\\/\\\/footballdna.de\\\/#breadcrumb\",\"itemListElement\":[{\"@type\":\"ListItem\",\"position\":1,\"name\":\"Startseite\",\"item\":\"https:\\\/\\\/footballdna.de\\\/\"},{\"@type\":\"ListItem\",\"position\":2,\"name\":\"\u00dcber Mich\"}]},{\"@type\":\"WebSite\",\"@id\":\"https:\\\/\\\/footballdna.de\\\/#website\",\"url\":\"https:\\\/\\\/footballdna.de\\\/\",\"name\":\"\",\"description\":\"\",\"potentialAction\":[{\"@type\":\"SearchAction\",\"target\":{\"@type\":\"EntryPoint\",\"urlTemplate\":\"https:\\\/\\\/footballdna.de\\\/?s={search_term_string}\"},\"query-input\":{\"@type\":\"PropertyValueSpecification\",\"valueRequired\":true,\"valueName\":\"search_term_string\"}}],\"inLanguage\":\"de\"}]}<\/script>\n<!-- \/ Yoast SEO plugin. -->","yoast_head_json":{"title":"\u00dcber Mich -","robots":{"index":"index","follow":"follow","max-snippet":"max-snippet:-1","max-image-preview":"max-image-preview:large","max-video-preview":"max-video-preview:-1"},"canonical":"https:\/\/footballdna.de\/","og_locale":"de_DE","og_type":"article","og_title":"\u00dcber Mich -","og_description":"Liebe Leser, Ich bin Felix und NFL Fan seit dem Superbowl 50. Seitdem hat mich dieser Sport nie mehr losgelassen und ist der Grund warum dieser Blog existiert. Alles begann mit dem letzten Spiel vom legend\u00e4ren Peyton Manning. F\u00fcr ihn ein Abschied, f\u00fcr mich ein Anfang. In der Liga halte ich zu den Arizona Cardinals. [&hellip;]","og_url":"https:\/\/footballdna.de\/","article_modified_time":"2020-11-14T23:38:04+00:00","twitter_card":"summary_large_image","twitter_misc":{"Gesch\u00e4tzte Lesezeit":"1\u00a0Minute"},"schema":{"@context":"https:\/\/schema.org","@graph":[{"@type":"WebPage","@id":"https:\/\/footballdna.de\/","url":"https:\/\/footballdna.de\/","name":"\u00dcber Mich -","isPartOf":{"@id":"https:\/\/footballdna.de\/#website"},"datePublished":"2020-05-11T15:17:56+00:00","dateModified":"2020-11-14T23:38:04+00:00","breadcrumb":{"@id":"https:\/\/footballdna.de\/#breadcrumb"},"inLanguage":"de","potentialAction":[{"@type":"ReadAction","target":["https:\/\/footballdna.de\/"]}]},{"@type":"BreadcrumbList","@id":"https:\/\/footballdna.de\/#breadcrumb","itemListElement":[{"@type":"ListItem","position":1,"name":"Startseite","item":"https:\/\/footballdna.de\/"},{"@type":"ListItem","position":2,"name":"\u00dcber Mich"}]},{"@type":"WebSite","@id":"https:\/\/footballdna.de\/#website","url":"https:\/\/footballdna.de\/","name":"","description":"","potentialAction":[{"@type":"SearchAction","target":{"@type":"EntryPoint","urlTemplate":"https:\/\/footballdna.de\/?s={search_term_string}"},"query-input":{"@type":"PropertyValueSpecification","valueRequired":true,"valueName":"search_term_string"}}],"inLanguage":"de"}]}},"featured_image_src":null,"featured_image_src_square":null,"jetpack_sharing_enabled":true,"_links":{"self":[{"href":"https:\/\/footballdna.de\/index.php?rest_route=\/wp\/v2\/pages\/36","targetHints":{"allow":["GET"]}}],"collection":[{"href":"https:\/\/footballdna.de\/index.php?rest_route=\/wp\/v2\/pages"}],"about":[{"href":"https:\/\/footballdna.de\/index.php?rest_route=\/wp\/v2\/types\/page"}],"author":[{"embeddable":true,"href":"https:\/\/footballdna.de\/index.php?rest_route=\/wp\/v2\/users\/1"}],"replies":[{"embeddable":true,"href":"https:\/\/footballdna.de\/index.php?rest_route=%2Fwp%2Fv2%2Fcomments&post=36"}],"version-history":[{"count":8,"href":"https:\/\/footballdna.de\/index.php?rest_route=\/wp\/v2\/pages\/36\/revisions"}],"predecessor-version":[{"id":139,"href":"https:\/\/footballdna.de\/index.php?rest_route=\/wp\/v2\/pages\/36\/revisions\/139"}],"wp:attachment":[{"href":"https:\/\/footballdna.de\/index.php?rest_route=%2Fwp%2Fv2%2Fmedia&parent=36"}],"curies":[{"name":"wp","href":"https:\/\/api.w.org\/{rel}","templated":true}]}}